{"id":2055,"date":"2022-04-13T14:25:55","date_gmt":"2022-04-13T12:25:55","guid":{"rendered":"https:\/\/agence-escort-geneve.com\/tarifs-delais-escortes-de-luxe-geneve\/"},"modified":"2023-02-17T14:10:04","modified_gmt":"2023-02-17T13:10:04","slug":"tarifas-compagneros-genivra","status":"publish","type":"page","link":"https:\/\/agence-escort-geneve.com\/es\/tarifas-compagneros-genivra\/","title":{"rendered":"Tarifas"},"content":{"rendered":"<p>[et_pb_section fb_built=\u00bb1&#8243; custom_padding_last_edited=\u00bboff|desktop\u00bb admin_label=\u00bbtarifs\u00bb module_id=\u00bbau-sujet-agence-escort-geneve\u00bb _builder_version=\u00bb4.17.0&#8243; _module_preset=\u00bbdefault\u00bb custom_padding=\u00bb45px||0px|||\u00bb global_colors_info=\u00bb{}\u00bb][et_pb_row column_structure=\u00bb1_2,1_2&#8243; _builder_version=\u00bb4.17.0&#8243; _module_preset=\u00bbdefault\u00bb background_color=\u00bb#feddd3&#8243; z_index=\u00bb11&#8243; custom_padding=\u00bb0px||0px||true|false\u00bb box_shadow_style=\u00bbpreset4&#8243; box_shadow_horizontal=\u00bb30vw\u00bb box_shadow_vertical=\u00bb0px\u00bb box_shadow_color=\u00bb#feddd3&#8243; global_colors_info=\u00bb{}\u00bb][et_pb_column type=\u00bb1_2&#8243; _builder_version=\u00bb4.17.0&#8243; _module_preset=\u00bbdefault\u00bb global_colors_info=\u00bb{}\u00bb][et_pb_image src=\u00bbhttps:\/\/agence-escort-geneve.com\/wp-content\/uploads\/2022\/04\/tarifs-escort-girl-luxe-geneve.jpg\u00bb title_text=\u00bbtarifs-escort-girl-luxe-geneve\u00bb disabled_on=\u00bbon|on|off\u00bb _builder_version=\u00bb4.17.0&#8243; _module_preset=\u00bbdefault\u00bb custom_margin=\u00bb|80px||-10vw|false|false\u00bb custom_margin_tablet=\u00bb|||0vw|false|false\u00bb custom_margin_phone=\u00bb\u00bb custom_margin_last_edited=\u00bbon|phone\u00bb filter_saturate=\u00bb0%\u00bb global_colors_info=\u00bb{}\u00bb filter_saturate__hover_enabled=\u00bbon|hover\u00bb filter_saturate__hover=\u00bb101%\u00bb][\/et_pb_image][et_pb_image src=\u00bbhttps:\/\/agence-escort-geneve.com\/wp-content\/uploads\/2022\/04\/tarifs-escort-de-luxe-geneve.jpg\u00bb alt=\u00bbEscorte, prostituee occasionnelle, Gen\u00e8ve Vaud\u00bb title_text=\u00bbtarifs-escort-de-luxe-geneve\u00bb _builder_version=\u00bb4.17.0&#8243; _module_preset=\u00bbdefault\u00bb positioning=\u00bbabsolute\u00bb position_origin_a=\u00bbtop_right\u00bb position_origin_a_tablet=\u00bb\u00bb position_origin_a_phone=\u00bb\u00bb position_origin_a_last_edited=\u00bbon|tablet\u00bb position_origin_f_tablet=\u00bb\u00bb position_origin_f_phone=\u00bb\u00bb position_origin_f_last_edited=\u00bbon|tablet\u00bb position_origin_r_tablet=\u00bb\u00bb position_origin_r_phone=\u00bb\u00bb position_origin_r_last_edited=\u00bbon|tablet\u00bb width=\u00bb67%\u00bb max_width_tablet=\u00bb300px\u00bb max_width_phone=\u00bb250px\u00bb max_width_last_edited=\u00bboff|desktop\u00bb custom_margin=\u00bb180px||||false|false\u00bb custom_margin_tablet=\u00bb20px||||false|false\u00bb custom_margin_phone=\u00bb30px||||false|false\u00bb custom_margin_last_edited=\u00bbon|tablet\u00bb scroll_vertical_motion_enable=\u00bbon\u00bb scroll_vertical_motion=\u00bb0|50|50|100|1|0|-1&#8243; positioning_tablet=\u00bbrelative\u00bb positioning_phone=\u00bb\u00bb positioning_last_edited=\u00bbon|tablet\u00bb scroll_vertical_motion_tablet=\u00bb0|50|50|100|0|0|0&#8243; scroll_vertical_motion_phone=\u00bb\u00bb scroll_vertical_motion_last_edited=\u00bbon|tablet\u00bb border_width_all=\u00bb2px\u00bb border_color_all=\u00bb#cecece\u00bb locked=\u00bboff\u00bb global_colors_info=\u00bb{}\u00bb][\/et_pb_image][et_pb_text _builder_version=\u00bb4.17.0&#8243; _module_preset=\u00bbdefault\u00bb header_2_font=\u00bbCaveat||||||||\u00bb header_2_text_color=\u00bbrgba(255,255,255,0.72)\u00bb header_2_font_size=\u00bb300px\u00bb header_2_line_height=\u00bb0.8em\u00bb positioning=\u00bbabsolute\u00bb position_origin_a=\u00bbbottom_right\u00bb position_origin_a_tablet=\u00bbbottom_center\u00bb position_origin_a_phone=\u00bb\u00bb position_origin_a_last_edited=\u00bbon|tablet\u00bb position_origin_f_tablet=\u00bb\u00bb position_origin_f_phone=\u00bb\u00bb position_origin_f_last_edited=\u00bbon|tablet\u00bb position_origin_r_tablet=\u00bb\u00bb position_origin_r_phone=\u00bb\u00bb position_origin_r_last_edited=\u00bbon|tablet\u00bb background_layout=\u00bbdark\u00bb custom_margin=\u00bb||-40px||false|false\u00bb custom_margin_tablet=\u00bb||0px||false|false\u00bb custom_margin_phone=\u00bb\u00bb custom_margin_last_edited=\u00bbon|tablet\u00bb text_text_color_tablet=\u00bb#ffffff\u00bb text_text_color_last_edited=\u00bboff|tablet\u00bb text_font_size_tablet=\u00bb20vw\u00bb text_font_size_phone=\u00bb200px\u00bb text_font_size_last_edited=\u00bboff|desktop\u00bb header_2_text_color_tablet=\u00bb#ffffff\u00bb header_2_text_color_phone=\u00bb\u00bb header_2_text_color_last_edited=\u00bbon|tablet\u00bb header_2_font_size_tablet=\u00bb20vw\u00bb header_2_font_size_phone=\u00bb\u00bb header_2_font_size_last_edited=\u00bbon|tablet\u00bb positioning_tablet=\u00bb\u00bb positioning_phone=\u00bb\u00bb positioning_last_edited=\u00bbon|tablet\u00bb locked=\u00bboff\u00bb global_colors_info=\u00bb{}\u00bb]<\/p>\n<h2>Tarifas<\/h2>\n<p>[\/et_pb_text][\/et_pb_column][et_pb_column type=\u00bb1_2&#8243; _builder_version=\u00bb4.17.0&#8243; _module_preset=\u00bbdefault\u00bb background_enable_color=\u00bboff\u00bb custom_padding=\u00bb||||false|false\u00bb global_colors_info=\u00bb{}\u00bb][et_pb_text _builder_version=\u00bb4.19.5&#8243; _module_preset=\u00bbdefault\u00bb text_font=\u00bb||||||||\u00bb link_text_color=\u00bb#707070&#8243; custom_padding=\u00bb20px|20px|20px|20px|true|true\u00bb text_font_size_tablet=\u00bb15px\u00bb text_font_size_phone=\u00bb14px\u00bb text_font_size_last_edited=\u00bbon|phone\u00bb global_colors_info=\u00bb{}\u00bb]<\/p>\n<p>Para cualquier informaci\u00f3n sobre los precios actuales, por favor p\u00f3ngase en contacto conmigo.<\/p>\n<p>en mi m\u00f3vil al <big><a href=\"tel:+41787456585\" onclick=\"_gaq.push(['_trackEvent','T\u00e9l\u00e9phone + 41(0)78 745 65 85','Click\/Touch','Tarifs']);\">+ 41(0)78 745 65 85<\/a><\/big><\/p>\n<p><strong>Sin embargo, se debe tener en cuenta que la duraci\u00f3n m\u00ednima de una cita es de dos horas y esto al precio de<\/strong>: 1300.- CHF\/Euro<\/p>\n<p>Los dem\u00e1s importes por noche, fin de semana o festivos se le comunicar\u00e1n por tel\u00e9fono. Tenga en cuenta que NINGUNA TARIFA es negociable, las personas que trabajan en la agencia no son, para m\u00ed, ninguna mercanc\u00eda.<\/p>\n<p><strong>Adem\u00e1s, un caballero que se precie nunca se rebajar\u00eda a este tipo de petici\u00f3n.<\/strong><\/p>\n<p>Le agradecer\u00eda que pudiera abonar el importe adeudado exclusivamente en efectivo y a la llegada de la joven.<\/p>\n<p>Sin embargo, si la persona no le conviene, se le pedir\u00e1 una cantidad de cortes\u00eda para sus gastos de transporte.<\/p>\n<p><strong>Si a\u00fan no eres cliente de mi club, tu primera cita ser\u00e1 obligatoriamente en un hotel.<\/strong><\/p>\n<p>\u00a1Espero tener noticias suyas prontamente!<\/p>\n<p>Atentamente, Carolina<\/p>\n<p>[\/et_pb_text][\/et_pb_column][\/et_pb_row][\/et_pb_section][et_pb_section fb_built=\u00bb1&#8243; custom_padding_last_edited=\u00bbon|tablet\u00bb admin_label=\u00bbd\u00e9lais\u00bb module_id=\u00bbdelais-escortes-courtisanes-luxe\u00bb _builder_version=\u00bb4.17.0&#8243; _module_preset=\u00bbdefault\u00bb custom_margin=\u00bb||50px||false|false\u00bb custom_margin_tablet=\u00bb||0px||false|false\u00bb custom_margin_phone=\u00bb\u00bb custom_margin_last_edited=\u00bbon|phone\u00bb custom_padding=\u00bb177px|||||\u00bb custom_padding_tablet=\u00bb30px||||false|false\u00bb custom_padding_phone=\u00bb30px||||false|false\u00bb saved_tabs=\u00bball\u00bb locked=\u00bboff\u00bb global_colors_info=\u00bb{}\u00bb][et_pb_row column_structure=\u00bb1_2,1_2&#8243; make_equal=\u00bbon\u00bb _builder_version=\u00bb4.17.0&#8243; _module_preset=\u00bbdefault\u00bb background_color=\u00bb#f3f1eb\u00bb custom_padding=\u00bb0px||0px||true|false\u00bb box_shadow_style=\u00bbpreset4&#8243; box_shadow_horizontal=\u00bb-30vw\u00bb box_shadow_vertical=\u00bb0px\u00bb box_shadow_color=\u00bb#f3f1eb\u00bb global_colors_info=\u00bb{}\u00bb][et_pb_column type=\u00bb1_2&#8243; _builder_version=\u00bb4.17.0&#8243; _module_preset=\u00bbdefault\u00bb custom_padding=\u00bb70px|30px|70px||true|false\u00bb global_colors_info=\u00bb{}\u00bb][et_pb_text _builder_version=\u00bb4.17.0&#8243; _module_preset=\u00bbdefault\u00bb text_font=\u00bbCaveat||||||||\u00bb text_font_size=\u00bb250px\u00bb text_line_height=\u00bb0.4em\u00bb header_2_font_size=\u00bb250px\u00bb positioning=\u00bbabsolute\u00bb position_origin_a=\u00bbbottom_left\u00bb horizontal_offset=\u00bb-48%\u00bb z_index=\u00bb0&#8243; horizontal_offset_tablet=\u00bb-18%\u00bb horizontal_offset_phone=\u00bb\u00bb horizontal_offset_last_edited=\u00bbon|phone\u00bb background_layout=\u00bbdark\u00bb custom_margin=\u00bb||0em||false|false\u00bb text_font_size_tablet=\u00bb30vw\u00bb text_font_size_phone=\u00bb\u00bb text_font_size_last_edited=\u00bbon|tablet\u00bb header_2_font_size_phone=\u00bb120px\u00bb header_2_font_size_last_edited=\u00bboff|tablet\u00bb global_colors_info=\u00bb{}\u00bb]<\/p>\n<p>Plazos<\/p>\n<p>[\/et_pb_text][et_pb_text admin_label=\u00bbTexte\u00bb _builder_version=\u00bb4.20.0&#8243; _module_preset=\u00bbdefault\u00bb text_font=\u00bb||||||||\u00bb text_font_size=\u00bb16px\u00bb header_font=\u00bbBellefair||||||||\u00bb header_text_color=\u00bb#000000&#8243; header_font_size=\u00bb80px\u00bb header_line_height=\u00bb1.2em\u00bb custom_margin=\u00bb||||false|false\u00bb hover_enabled=\u00bb0&#8243; text_font_size_tablet=\u00bb15px\u00bb text_font_size_phone=\u00bb14px\u00bb text_font_size_last_edited=\u00bbon|phone\u00bb header_font_size_tablet=\u00bb64px\u00bb header_font_size_phone=\u00bb40px\u00bb header_font_size_last_edited=\u00bbon|phone\u00bb global_colors_info=\u00bb{}\u00bb sticky_enabled=\u00bb0&#8243;]<\/p>\n<p>Como todas estas jovencitas atienden de forma ocasional \u00fanicamente, los tiempos de espera son, obviamente, un poco m\u00e1s largos que para las profesionales.<\/p>\n<p>Para una cita por la tarde a partir de las 18 h o los fines de semana, se le solicitar\u00e1 un plazo de espera de 2 horas.<\/p>\n<p>Es posible hacer una cita durante el d\u00eda de lunes a viernes antes de las 5:30 pm, pero le suplicamos que nos avise con al menos 4 horas de anticipaci\u00f3n.<\/p>\n<p>Mis colaboradores \u00fanicamente se desplazan, pero nunca reciben en casa.<\/p>\n<p>No permitimos acudir a un piso de soltero, lo cual, en absoluto, corresponde a la filosof\u00eda o al prestigio de este selecto club.<\/p>\n<p>Gracias por vuestra comprensi\u00f3n,<br \/>Carolina<\/p>\n<p>[\/et_pb_text][\/et_pb_column][et_pb_column type=\u00bb1_2&#8243; _builder_version=\u00bb4.17.0&#8243; _module_preset=\u00bbdefault\u00bb global_colors_info=\u00bb{}\u00bb][et_pb_image src=\u00bbhttps:\/\/agence-escort-geneve.com\/wp-content\/uploads\/2022\/04\/delais-femme-occasionnelle-escorte.jpg\u00bb alt=\u00bbEscorte, courtisane, Gen\u00e8ve, Vaud\u00bb title_text=\u00bbexciting young woman\u00bb show_bottom_space=\u00bboff\u00bb align=\u00bbcenter\u00bb _builder_version=\u00bb4.17.0&#8243; _module_preset=\u00bbdefault\u00bb z_index=\u00bb1&#8243; width=\u00bb83%\u00bb custom_margin=\u00bb-70px||||false|false\u00bb custom_margin_tablet=\u00bb|0px||0px|false|true\u00bb custom_margin_phone=\u00bb\u00bb custom_margin_last_edited=\u00bbon|tablet\u00bb filter_saturate=\u00bb0%\u00bb filter_brightness=\u00bb190%\u00bb scroll_vertical_motion_enable=\u00bbon\u00bb scroll_vertical_motion=\u00bb0|50|50|100|0.5|0|-0.5&#8243; filter_brightness_tablet=\u00bb185%\u00bb filter_brightness_phone=\u00bb185%\u00bb filter_brightness_last_edited=\u00bboff|desktop\u00bb border_width_all=\u00bb2px\u00bb global_colors_info=\u00bb{}\u00bb filter_brightness__hover_enabled=\u00bbon|desktop\u00bb filter_brightness__hover=\u00bb200%\u00bb filter_saturate__hover_enabled=\u00bbon|hover\u00bb filter_saturate__hover=\u00bb18%\u00bb][\/et_pb_image][\/et_pb_column][\/et_pb_row][\/et_pb_section][et_pb_section fb_built=\u00bb1&#8243; admin_label=\u00bbFooter\u00bb module_id=\u00bbcontactez-agence-escortes-occasionnelles\u00bb _builder_version=\u00bb4.17.0&#8243; _module_preset=\u00bbdefault\u00bb custom_margin=\u00bb47px|||||\u00bb custom_padding=\u00bb||6px||false|false\u00bb global_module=\u00bb2046&#8243; saved_tabs=\u00bball\u00bb global_colors_info=\u00bb{}\u00bb][et_pb_row column_structure=\u00bb2_3,1_3&#8243; custom_padding_last_edited=\u00bbon|phone\u00bb _builder_version=\u00bb4.17.0&#8243; _module_preset=\u00bbdefault\u00bb max_width=\u00bb1220px\u00bb overflow-x=\u00bbhidden\u00bb overflow-y=\u00bbhidden\u00bb custom_padding=\u00bb48px||66px|70px|false|false\u00bb custom_padding_tablet=\u00bb48px|||48px|false|false\u00bb custom_padding_phone=\u00bb20px|||20px|false|false\u00bb global_colors_info=\u00bb{}\u00bb][et_pb_column type=\u00bb2_3&#8243; _builder_version=\u00bb4.17.0&#8243; _module_preset=\u00bbdefault\u00bb background_color=\u00bb#ffddd3&#8243; z_index=\u00bb12&#8243; custom_padding=\u00bb160px|30px|30px|30px|false|true\u00bb custom_padding_tablet=\u00bb||48px||false|true\u00bb custom_padding_phone=\u00bb\u00bb custom_padding_last_edited=\u00bbon|tablet\u00bb box_shadow_style=\u00bbpreset4&#8243; box_shadow_horizontal=\u00bb-210px\u00bb box_shadow_vertical=\u00bb0px\u00bb box_shadow_spread=\u00bb48px\u00bb box_shadow_color=\u00bbrgba(0,0,0,0.75)\u00bb box_shadow_horizontal_tablet=\u00bb-120px\u00bb box_shadow_horizontal_phone=\u00bb-120px\u00bb box_shadow_horizontal_last_edited=\u00bbon|phone\u00bb global_colors_info=\u00bb{}\u00bb][et_pb_divider color=\u00bb#ff4e00&#8243; divider_weight=\u00bb2px\u00bb _builder_version=\u00bb4.16&#8243; _module_preset=\u00bbdefault\u00bb transform_rotate=\u00bb0deg|0deg|-45deg\u00bb positioning=\u00bbabsolute\u00bb vertical_offset=\u00bb60px\u00bb horizontal_offset=\u00bb-135px\u00bb width=\u00bb420px\u00bb custom_margin=\u00bb||||false|false\u00bb locked=\u00bboff\u00bb global_colors_info=\u00bb{}\u00bb][\/et_pb_divider][et_pb_text _builder_version=\u00bb4.19.5&#8243; _module_preset=\u00bbdefault\u00bb header_3_font=\u00bbCaveat||||||||\u00bb header_3_text_color=\u00bb#FFFFFF\u00bb header_3_font_size=\u00bb160px\u00bb header_3_line_height=\u00bb0.4em\u00bb positioning=\u00bbabsolute\u00bb z_index=\u00bb1&#8243; header_2_text_align_tablet=\u00bb\u00bb header_2_text_align_phone=\u00bb\u00bb header_2_text_align_last_edited=\u00bbon|tablet\u00bb header_2_font_size_tablet=\u00bb\u00bb header_2_font_size_phone=\u00bb\u00bb header_2_font_size_last_edited=\u00bbon|phone\u00bb header_3_font_size_tablet=\u00bb150px\u00bb header_3_font_size_phone=\u00bb120px\u00bb header_3_font_size_last_edited=\u00bbon|phone\u00bb locked=\u00bboff\u00bb global_colors_info=\u00bb{}\u00bb]<\/p>\n<h3>Contactar a<\/h3>\n<p>&nbsp;<\/p>\n<h2 style=\"text-align: center;\">\u00a0 \u00a0 \u00a0 \u00a0 \u00a0 \u00a0 la directora de esta estructura elitista<\/h2>\n<p>[\/et_pb_text][et_pb_text _builder_version=\u00bb4.17.3&#8243; _module_preset=\u00bbdefault\u00bb header_font=\u00bb|600|||||||\u00bb header_font_size=\u00bb1.5vw\u00bb header_line_height=\u00bb1.3em\u00bb custom_margin=\u00bb1px||||false|false\u00bb header_font_size_tablet=\u00bb2.7vw\u00bb header_font_size_phone=\u00bb3.8vw\u00bb header_font_size_last_edited=\u00bbon|phone\u00bb global_colors_info=\u00bb{}\u00bb]<\/p>\n<h1 style=\"text-align: center;\">m\u00f3vil + 41(0)78 745 65 85<\/h1>\n<p>[\/et_pb_text][et_pb_text _builder_version=\u00bb4.19.5&#8243; _module_preset=\u00bbdefault\u00bb header_font=\u00bb|700|||||||\u00bb header_font_size=\u00bb40px\u00bb custom_margin=\u00bb1px||||false|false\u00bb global_colors_info=\u00bb{}\u00bb]<\/p>\n<p>La agencia responde los <strong>siete d\u00edas de la semana de 10 a.m. a 9:30 p.m.<\/strong> No obstante, si te llega el buz\u00f3n de voz no dudes en dejarme un mensaje y me pondr\u00e9 en contacto contigo lo antes posible durante el d\u00eda, pero por evidente discreci\u00f3n nunca los fines de semana o fuera del horario de oficina, excepto a petici\u00f3n tuya.<\/p>\n<p>Para m\u00ed la discreci\u00f3n absoluta es un hecho.<\/p>\n<p>[\/et_pb_text][\/et_pb_column][et_pb_column type=\u00bb1_3&#8243; _builder_version=\u00bb4.17.0&#8243; _module_preset=\u00bbdefault\u00bb custom_padding=\u00bb100px||||false|false\u00bb scroll_vertical_motion_enable=\u00bbon\u00bb scroll_vertical_motion=\u00bb0|50|50|100|2|0|-2&#8243; global_colors_info=\u00bb{}\u00bb][et_pb_image src=\u00bbhttps:\/\/agence-escort-geneve.com\/wp-content\/uploads\/2022\/04\/contactez-agence-escortes-occasionnelles.jpg\u00bb title_text=\u00bbcontactez-agence-escortes-occasionnelles\u00bb align=\u00bbright\u00bb disabled_on=\u00bbon|on|off\u00bb _builder_version=\u00bb4.17.0&#8243; _module_preset=\u00bbdefault\u00bb max_width_tablet=\u00bb320px\u00bb max_width_phone=\u00bb150px\u00bb max_width_last_edited=\u00bbon|tablet\u00bb module_alignment=\u00bbright\u00bb locked=\u00bboff\u00bb global_colors_info=\u00bb{}\u00bb][\/et_pb_image][\/et_pb_column][\/et_pb_row][\/et_pb_section]<\/p>\n","protected":false},"excerpt":{"rendered":"<p>TarifasPara cualquier informaci\u00f3n sobre los precios actuales, por favor p\u00f3ngase en contacto conmigo. en mi m\u00f3vil al + 41(0)78 745 65 85 Sin embargo, se debe tener en cuenta que la duraci\u00f3n m\u00ednima de una cita es de dos horas y esto al precio de: 1300.- CHF\/Euro Los dem\u00e1s importes por noche, fin de semana [&hellip;]<\/p>\n","protected":false},"author":1,"featured_media":0,"parent":0,"menu_order":0,"comment_status":"closed","ping_status":"closed","template":"","meta":{"_et_pb_use_builder":"on","_et_pb_old_content":"","_et_gb_content_width":"","footnotes":""},"class_list":["post-2055","page","type-page","status-publish","hentry"],"yoast_head":"<!-- This site is optimized with the Yoast SEO Premium plugin v24.5 (Yoast SEO v27.5) - https:\/\/yoast.com\/product\/yoast-seo-premium-wordpress\/ -->\n<title>Tarifas - Agence Escort Gen\u00e8ve<\/title>\n<meta name=\"robots\" content=\"index, follow, max-snippet:-1, max-image-preview:large, max-video-preview:-1\" \/>\n<link rel=\"canonical\" href=\"https:\/\/agence-escort-geneve.com\/es\/tarifas-compagneros-genivra\/\" \/>\n<meta property=\"og:locale\" content=\"es_ES\" \/>\n<meta property=\"og:type\" content=\"article\" \/>\n<meta property=\"og:title\" content=\"Tarifas\" \/>\n<meta property=\"og:description\" content=\"TarifasPara cualquier informaci\u00f3n sobre los precios actuales, por favor p\u00f3ngase en contacto conmigo. en mi m\u00f3vil al + 41(0)78 745 65 85 Sin embargo, se debe tener en cuenta que la duraci\u00f3n m\u00ednima de una cita es de dos horas y esto al precio de: 1300.- CHF\/Euro Los dem\u00e1s importes por noche, fin de semana [&hellip;]\" \/>\n<meta property=\"og:url\" content=\"https:\/\/agence-escort-geneve.com\/es\/tarifas-compagneros-genivra\/\" \/>\n<meta property=\"og:site_name\" content=\"Agence Escort Gen\u00e8ve\" \/>\n<meta property=\"article:modified_time\" content=\"2023-02-17T13:10:04+00:00\" \/>\n<meta property=\"og:image\" content=\"https:\/\/agence-escort-geneve.com\/wp-content\/uploads\/2024\/04\/agence-escort-geneve.jpg\" \/>\n\t<meta property=\"og:image:width\" content=\"1200\" \/>\n\t<meta property=\"og:image:height\" content=\"678\" \/>\n\t<meta property=\"og:image:type\" content=\"image\/jpeg\" \/>\n<meta name=\"twitter:card\" content=\"summary_large_image\" \/>\n<meta name=\"twitter:label1\" content=\"Tiempo de lectura\" \/>\n\t<meta name=\"twitter:data1\" content=\"9 minutos\" \/>\n<script type=\"application\/ld+json\" class=\"yoast-schema-graph\">{\"@context\":\"https:\\\/\\\/schema.org\",\"@graph\":[{\"@type\":\"WebPage\",\"@id\":\"https:\\\/\\\/agence-escort-geneve.com\\\/es\\\/tarifas-compagneros-genivra\\\/\",\"url\":\"https:\\\/\\\/agence-escort-geneve.com\\\/es\\\/tarifas-compagneros-genivra\\\/\",\"name\":\"Tarifas - Agence Escort Gen\u00e8ve\",\"isPartOf\":{\"@id\":\"https:\\\/\\\/agence-escort-geneve.com\\\/es\\\/#website\"},\"datePublished\":\"2022-04-13T12:25:55+00:00\",\"dateModified\":\"2023-02-17T13:10:04+00:00\",\"breadcrumb\":{\"@id\":\"https:\\\/\\\/agence-escort-geneve.com\\\/es\\\/tarifas-compagneros-genivra\\\/#breadcrumb\"},\"inLanguage\":\"es\",\"potentialAction\":[{\"@type\":\"ReadAction\",\"target\":[\"https:\\\/\\\/agence-escort-geneve.com\\\/es\\\/tarifas-compagneros-genivra\\\/\"]}]},{\"@type\":\"BreadcrumbList\",\"@id\":\"https:\\\/\\\/agence-escort-geneve.com\\\/es\\\/tarifas-compagneros-genivra\\\/#breadcrumb\",\"itemListElement\":[{\"@type\":\"ListItem\",\"position\":1,\"name\":\"Home\",\"item\":\"https:\\\/\\\/agence-escort-geneve.com\\\/es\\\/accueil-escort-agence-geneve-vaud\\\/\"},{\"@type\":\"ListItem\",\"position\":2,\"name\":\"Tarifas\"}]},{\"@type\":\"WebSite\",\"@id\":\"https:\\\/\\\/agence-escort-geneve.com\\\/es\\\/#website\",\"url\":\"https:\\\/\\\/agence-escort-geneve.com\\\/es\\\/\",\"name\":\"Agence Escort Gen\u00e8ve\",\"description\":\"Escortes de Luxe, occasionnelles Ultra Select\",\"publisher\":{\"@id\":\"https:\\\/\\\/agence-escort-geneve.com\\\/es\\\/#organization\"},\"potentialAction\":[{\"@type\":\"SearchAction\",\"target\":{\"@type\":\"EntryPoint\",\"urlTemplate\":\"https:\\\/\\\/agence-escort-geneve.com\\\/es\\\/?s={search_term_string}\"},\"query-input\":{\"@type\":\"PropertyValueSpecification\",\"valueRequired\":true,\"valueName\":\"search_term_string\"}}],\"inLanguage\":\"es\"},{\"@type\":\"Organization\",\"@id\":\"https:\\\/\\\/agence-escort-geneve.com\\\/es\\\/#organization\",\"name\":\"Agence Escort Geneve\",\"url\":\"https:\\\/\\\/agence-escort-geneve.com\\\/es\\\/\",\"logo\":{\"@type\":\"ImageObject\",\"inLanguage\":\"es\",\"@id\":\"https:\\\/\\\/agence-escort-geneve.com\\\/es\\\/#\\\/schema\\\/logo\\\/image\\\/\",\"url\":\"https:\\\/\\\/agence-escort-geneve.com\\\/wp-content\\\/uploads\\\/2022\\\/04\\\/agence-escort-geneve-vaud.png\",\"contentUrl\":\"https:\\\/\\\/agence-escort-geneve.com\\\/wp-content\\\/uploads\\\/2022\\\/04\\\/agence-escort-geneve-vaud.png\",\"width\":600,\"height\":136,\"caption\":\"Agence Escort Geneve\"},\"image\":{\"@id\":\"https:\\\/\\\/agence-escort-geneve.com\\\/es\\\/#\\\/schema\\\/logo\\\/image\\\/\"}}]}<\/script>\n<!-- \/ Yoast SEO Premium plugin. -->","yoast_head_json":{"title":"Tarifas - Agence Escort Gen\u00e8ve","robots":{"index":"index","follow":"follow","max-snippet":"max-snippet:-1","max-image-preview":"max-image-preview:large","max-video-preview":"max-video-preview:-1"},"canonical":"https:\/\/agence-escort-geneve.com\/es\/tarifas-compagneros-genivra\/","og_locale":"es_ES","og_type":"article","og_title":"Tarifas","og_description":"TarifasPara cualquier informaci\u00f3n sobre los precios actuales, por favor p\u00f3ngase en contacto conmigo. en mi m\u00f3vil al + 41(0)78 745 65 85 Sin embargo, se debe tener en cuenta que la duraci\u00f3n m\u00ednima de una cita es de dos horas y esto al precio de: 1300.- CHF\/Euro Los dem\u00e1s importes por noche, fin de semana [&hellip;]","og_url":"https:\/\/agence-escort-geneve.com\/es\/tarifas-compagneros-genivra\/","og_site_name":"Agence Escort Gen\u00e8ve","article_modified_time":"2023-02-17T13:10:04+00:00","og_image":[{"width":1200,"height":678,"url":"https:\/\/agence-escort-geneve.com\/wp-content\/uploads\/2024\/04\/agence-escort-geneve.jpg","type":"image\/jpeg"}],"twitter_card":"summary_large_image","twitter_misc":{"Tiempo de lectura":"9 minutos"},"schema":{"@context":"https:\/\/schema.org","@graph":[{"@type":"WebPage","@id":"https:\/\/agence-escort-geneve.com\/es\/tarifas-compagneros-genivra\/","url":"https:\/\/agence-escort-geneve.com\/es\/tarifas-compagneros-genivra\/","name":"Tarifas - Agence Escort Gen\u00e8ve","isPartOf":{"@id":"https:\/\/agence-escort-geneve.com\/es\/#website"},"datePublished":"2022-04-13T12:25:55+00:00","dateModified":"2023-02-17T13:10:04+00:00","breadcrumb":{"@id":"https:\/\/agence-escort-geneve.com\/es\/tarifas-compagneros-genivra\/#breadcrumb"},"inLanguage":"es","potentialAction":[{"@type":"ReadAction","target":["https:\/\/agence-escort-geneve.com\/es\/tarifas-compagneros-genivra\/"]}]},{"@type":"BreadcrumbList","@id":"https:\/\/agence-escort-geneve.com\/es\/tarifas-compagneros-genivra\/#breadcrumb","itemListElement":[{"@type":"ListItem","position":1,"name":"Home","item":"https:\/\/agence-escort-geneve.com\/es\/accueil-escort-agence-geneve-vaud\/"},{"@type":"ListItem","position":2,"name":"Tarifas"}]},{"@type":"WebSite","@id":"https:\/\/agence-escort-geneve.com\/es\/#website","url":"https:\/\/agence-escort-geneve.com\/es\/","name":"Agence Escort Gen\u00e8ve","description":"Escortes de Luxe, occasionnelles Ultra Select","publisher":{"@id":"https:\/\/agence-escort-geneve.com\/es\/#organization"},"potentialAction":[{"@type":"SearchAction","target":{"@type":"EntryPoint","urlTemplate":"https:\/\/agence-escort-geneve.com\/es\/?s={search_term_string}"},"query-input":{"@type":"PropertyValueSpecification","valueRequired":true,"valueName":"search_term_string"}}],"inLanguage":"es"},{"@type":"Organization","@id":"https:\/\/agence-escort-geneve.com\/es\/#organization","name":"Agence Escort Geneve","url":"https:\/\/agence-escort-geneve.com\/es\/","logo":{"@type":"ImageObject","inLanguage":"es","@id":"https:\/\/agence-escort-geneve.com\/es\/#\/schema\/logo\/image\/","url":"https:\/\/agence-escort-geneve.com\/wp-content\/uploads\/2022\/04\/agence-escort-geneve-vaud.png","contentUrl":"https:\/\/agence-escort-geneve.com\/wp-content\/uploads\/2022\/04\/agence-escort-geneve-vaud.png","width":600,"height":136,"caption":"Agence Escort Geneve"},"image":{"@id":"https:\/\/agence-escort-geneve.com\/es\/#\/schema\/logo\/image\/"}}]}},"_links":{"self":[{"href":"https:\/\/agence-escort-geneve.com\/es\/wp-json\/wp\/v2\/pages\/2055","targetHints":{"allow":["GET"]}}],"collection":[{"href":"https:\/\/agence-escort-geneve.com\/es\/wp-json\/wp\/v2\/pages"}],"about":[{"href":"https:\/\/agence-escort-geneve.com\/es\/wp-json\/wp\/v2\/types\/page"}],"author":[{"embeddable":true,"href":"https:\/\/agence-escort-geneve.com\/es\/wp-json\/wp\/v2\/users\/1"}],"replies":[{"embeddable":true,"href":"https:\/\/agence-escort-geneve.com\/es\/wp-json\/wp\/v2\/comments?post=2055"}],"version-history":[{"count":0,"href":"https:\/\/agence-escort-geneve.com\/es\/wp-json\/wp\/v2\/pages\/2055\/revisions"}],"wp:attachment":[{"href":"https:\/\/agence-escort-geneve.com\/es\/wp-json\/wp\/v2\/media?parent=2055"}],"curies":[{"name":"wp","href":"https:\/\/api.w.org\/{rel}","templated":true}]}}